{"id":164,"date":"2020-09-23T11:03:25","date_gmt":"2020-09-23T11:03:25","guid":{"rendered":"https:\/\/site1.ctfc.cat\/?page_id=164"},"modified":"2020-10-01T14:03:20","modified_gmt":"2020-10-01T14:03:20","slug":"agricultura-regenerativa-i-maneig-holistic","status":"publish","type":"page","link":"https:\/\/pastucar.ecofun.ctfc.cat\/index.php\/agricultura-regenerativa-i-maneig-holistic\/","title":{"rendered":"Agricultura regenerativa i maneig holistic"},"content":{"rendered":"\n<p>L&#8217;Agricultura regenerativa i el maneig holistic s\u00f3n una forma de desenvolupament que combina l\u2019agricultura i la ramaderia per tal de promoure la perman\u00e8ncia d\u2019uns <strong>sistemes agro-ramaders rentables i respectuosos amb el medi ambient<\/strong>. Un dels seus eixos principals \u00e9s la <strong>restauraci\u00f3 i el foment de la fertilitat del s\u00f2l<\/strong>, per aconseguir la m\u00e0xima productivitat i la m\u00e0xima entrada de mat\u00e8ria org\u00e0nic al s\u00f2l.<\/p>\n\n\n\n<p>Tenint en compte aquests principis b\u00e0sics, l\u2019agricultura regenerativa treballa sobre la gesti\u00f3 de la pastura, des de la perspectiva de la planta, i el coneixement de l&#8217;ecofisiologia de la planta i, des de la perspectiva del ramat i del comportament animal, per tal de maximitzar la productivitat i reduir el impacte sobre la pastura.<\/p>\n\n\n\n<p>Per saber-ne m\u00e9s sobre agricultura regenerativa veure la pon\u00e8ncia del Professor Marc Gracia, investigador del <a href=\"http:\/\/www.creaf.cat\/es\">Centre de Recerca Ecol\u00f2gica i Aplicacions Forestals (CREAF)<\/a> i coordinador del <a href=\"https:\/\/polyfarming.eu\/?lang=es\">Projecte Life-Polyfarming<\/a>, que va tenir lloc durant la segona jornada t\u00e8cnica en l\u00ednia del projecte PASTUCAR.<\/p>\n\n\n\n<div class=\"wp-block-image\"><figure class=\"aligncenter size-large\"><a href=\"https:\/\/www.youtube.com\/watch?v=YM6xmpzKKvc&amp;t=3s\"><img loading=\"lazy\" decoding=\"async\" width=\"806\" height=\"570\" src=\"https:\/\/pastucar.ecofun.ctfc.cat\/wp-content\/uploads\/2020\/09\/image-4.png\" alt=\"\" class=\"wp-image-214\" srcset=\"https:\/\/pastucar.ecofun.ctfc.cat\/wp-content\/uploads\/2020\/09\/image-4.png 806w, https:\/\/pastucar.ecofun.ctfc.cat\/wp-content\/uploads\/2020\/09\/image-4-300x212.png 300w, https:\/\/pastucar.ecofun.ctfc.cat\/wp-content\/uploads\/2020\/09\/image-4-768x543.png 768w\" sizes=\"auto, (max-width: 806px) 100vw, 806px\" \/><\/a><\/figure><\/div>\n\n\n\n<p><\/p>\n","protected":false},"excerpt":{"rendered":"<p>L&#8217;Agricultura regenerativa i el maneig holistic s\u00f3n una forma de desenvolupament que combina l\u2019agricultura i la ramaderia per tal de promoure la perman\u00e8ncia d\u2019uns sistemes agro-ramaders rentables i respectuosos amb el medi ambient. Un dels seus eixos principals \u00e9s la restauraci\u00f3 i el foment de la fertilitat del s\u00f2l, per aconseguir la m\u00e0xima productivitat i &#8230; <a title=\"Agricultura regenerativa i maneig holistic\" class=\"read-more\" href=\"https:\/\/pastucar.ecofun.ctfc.cat\/index.php\/agricultura-regenerativa-i-maneig-holistic\/\">Llegiu m\u00e9s <span class=\"screen-reader-text\">Agricultura regenerativa i maneig holistic<\/span><\/a><\/p>\n","protected":false},"author":1,"featured_media":0,"parent":0,"menu_order":0,"comment_status":"closed","ping_status":"closed","template":"","meta":{"footnotes":""},"class_list":["post-164","page","type-page","status-publish"],"_links":{"self":[{"href":"https:\/\/pastucar.ecofun.ctfc.cat\/index.php\/wp-json\/wp\/v2\/pages\/164","targetHints":{"allow":["GET"]}}],"collection":[{"href":"https:\/\/pastucar.ecofun.ctfc.cat\/index.php\/wp-json\/wp\/v2\/pages"}],"about":[{"href":"https:\/\/pastucar.ecofun.ctfc.cat\/index.php\/wp-json\/wp\/v2\/types\/page"}],"author":[{"embeddable":true,"href":"https:\/\/pastucar.ecofun.ctfc.cat\/index.php\/wp-json\/wp\/v2\/users\/1"}],"replies":[{"embeddable":true,"href":"https:\/\/pastucar.ecofun.ctfc.cat\/index.php\/wp-json\/wp\/v2\/comments?post=164"}],"version-history":[{"count":3,"href":"https:\/\/pastucar.ecofun.ctfc.cat\/index.php\/wp-json\/wp\/v2\/pages\/164\/revisions"}],"predecessor-version":[{"id":215,"href":"https:\/\/pastucar.ecofun.ctfc.cat\/index.php\/wp-json\/wp\/v2\/pages\/164\/revisions\/215"}],"wp:attachment":[{"href":"https:\/\/pastucar.ecofun.ctfc.cat\/index.php\/wp-json\/wp\/v2\/media?parent=164"}],"curies":[{"name":"wp","href":"https:\/\/api.w.org\/{rel}","templated":true}]}}