{"id":179,"date":"2020-09-28T14:39:47","date_gmt":"2020-09-28T14:39:47","guid":{"rendered":"https:\/\/site1.ctfc.cat\/?page_id=179"},"modified":"2020-10-01T14:02:48","modified_gmt":"2020-10-01T14:02:48","slug":"adequar-la-carrega-ramadera","status":"publish","type":"page","link":"https:\/\/pastucar.ecofun.ctfc.cat\/index.php\/adequar-la-carrega-ramadera\/","title":{"rendered":"Adequar la carrega ramadera"},"content":{"rendered":"\n<p>En primer lloc, la <strong>c\u00e0rrega ramadera<\/strong> influeix directament sobre la productivitat. Un pasturatge de intensitat moderada pot retirar part de la biomassa seca i estimular el creixement de biomassa, incrementant alhora l\u2019entrada de C al s\u00f2l (Hewins et al., 2018).<\/p>\n\n\n\n<p>D\u2019altra banda, el <strong>tipus de bestiar<\/strong> tamb\u00e9 s\u2019ha relacionat amb canvis en l\u2019estructura de la comunitat vegetal i conseg\u00fcentment amb el C al s\u00f2l. Per exemple, Rodr\u00edguez et al., (2020) va descriure als Pirineus com el contingut de C al s\u00f2l incrementava amb el nitrogen, \u00e9s a dir amb la fertilitat del s\u00f2l, per\u00f2 aquest increment, era clarament m\u00e9s marcat sota pasturatge d\u2019ovelles o ovelles i vaques que nom\u00e9s sota pasturatge nom\u00e9s de vaques.<\/p>\n\n\n\n<div class=\"wp-block-image\"><figure class=\"aligncenter size-large is-resized\"><img loading=\"lazy\" decoding=\"async\" src=\"https:\/\/pastucar.ecofun.ctfc.cat\/wp-content\/uploads\/2020\/09\/image-5.png\" alt=\"\" class=\"wp-image-218\" width=\"591\" height=\"502\" srcset=\"https:\/\/pastucar.ecofun.ctfc.cat\/wp-content\/uploads\/2020\/09\/image-5.png 591w, https:\/\/pastucar.ecofun.ctfc.cat\/wp-content\/uploads\/2020\/09\/image-5-300x255.png 300w\" sizes=\"auto, (max-width: 591px) 100vw, 591px\" \/><figcaption><br>Relaci\u00f3 entre el tipus de bestiar (vaques, ovelles o mixt) i el contingut de nitrogen al s\u00f2l sobre el carboni org\u00e0nic del s\u00f2l a pastures dels Pirineus. Adaptat de Rodr\u00edguez et al., (2020).<\/figcaption><\/figure><\/div>\n","protected":false},"excerpt":{"rendered":"<p>En primer lloc, la c\u00e0rrega ramadera influeix directament sobre la productivitat. Un pasturatge de intensitat moderada pot retirar part de la biomassa seca i estimular el creixement de biomassa, incrementant alhora l\u2019entrada de C al s\u00f2l (Hewins et al., 2018). D\u2019altra banda, el tipus de bestiar tamb\u00e9 s\u2019ha relacionat amb canvis en l\u2019estructura de la &#8230; <a title=\"Adequar la carrega ramadera\" class=\"read-more\" href=\"https:\/\/pastucar.ecofun.ctfc.cat\/index.php\/adequar-la-carrega-ramadera\/\">Llegiu m\u00e9s <span class=\"screen-reader-text\">Adequar la carrega ramadera<\/span><\/a><\/p>\n","protected":false},"author":2,"featured_media":0,"parent":0,"menu_order":0,"comment_status":"closed","ping_status":"closed","template":"","meta":{"footnotes":""},"class_list":["post-179","page","type-page","status-publish"],"_links":{"self":[{"href":"https:\/\/pastucar.ecofun.ctfc.cat\/index.php\/wp-json\/wp\/v2\/pages\/179","targetHints":{"allow":["GET"]}}],"collection":[{"href":"https:\/\/pastucar.ecofun.ctfc.cat\/index.php\/wp-json\/wp\/v2\/pages"}],"about":[{"href":"https:\/\/pastucar.ecofun.ctfc.cat\/index.php\/wp-json\/wp\/v2\/types\/page"}],"author":[{"embeddable":true,"href":"https:\/\/pastucar.ecofun.ctfc.cat\/index.php\/wp-json\/wp\/v2\/users\/2"}],"replies":[{"embeddable":true,"href":"https:\/\/pastucar.ecofun.ctfc.cat\/index.php\/wp-json\/wp\/v2\/comments?post=179"}],"version-history":[{"count":2,"href":"https:\/\/pastucar.ecofun.ctfc.cat\/index.php\/wp-json\/wp\/v2\/pages\/179\/revisions"}],"predecessor-version":[{"id":219,"href":"https:\/\/pastucar.ecofun.ctfc.cat\/index.php\/wp-json\/wp\/v2\/pages\/179\/revisions\/219"}],"wp:attachment":[{"href":"https:\/\/pastucar.ecofun.ctfc.cat\/index.php\/wp-json\/wp\/v2\/media?parent=179"}],"curies":[{"name":"wp","href":"https:\/\/api.w.org\/{rel}","templated":true}]}}