{"id":189,"date":"2020-09-28T14:46:14","date_gmt":"2020-09-28T14:46:14","guid":{"rendered":"https:\/\/site1.ctfc.cat\/?page_id=189"},"modified":"2020-10-01T14:04:22","modified_gmt":"2020-10-01T14:04:22","slug":"fomentar-les-pastures-permanents-vers-els-prats-de-dall","status":"publish","type":"page","link":"https:\/\/pastucar.ecofun.ctfc.cat\/index.php\/fomentar-les-pastures-permanents-vers-els-prats-de-dall\/","title":{"rendered":"Fomentar les pastures permanents vers els prats de dall"},"content":{"rendered":"\n<p>En general, quan hi ha nom\u00e9s pastura directa l\u2019assimilaci\u00f3 de C al s\u00f2l \u00e9s m\u00e9s elevada que als prats de dall, ja que quan es dalla la mat\u00e8ria org\u00e0nica es exportada pr\u00e0cticament en la seva totalitat, mentre que la pastura directa deixa part de la biomassa in-situ, i els excrements tamb\u00e9 s\u00f3n una via de retorn del C al s\u00f2l.<\/p>\n\n\n\n<figure class=\"wp-block-image size-large\"><img loading=\"lazy\" decoding=\"async\" width=\"1024\" height=\"768\" src=\"https:\/\/pastucar.ecofun.ctfc.cat\/wp-content\/uploads\/2020\/09\/DSCF7430-1-1024x768.jpg\" alt=\"\" class=\"wp-image-138\" srcset=\"https:\/\/pastucar.ecofun.ctfc.cat\/wp-content\/uploads\/2020\/09\/DSCF7430-1-1024x768.jpg 1024w, https:\/\/pastucar.ecofun.ctfc.cat\/wp-content\/uploads\/2020\/09\/DSCF7430-1-300x225.jpg 300w, https:\/\/pastucar.ecofun.ctfc.cat\/wp-content\/uploads\/2020\/09\/DSCF7430-1-768x576.jpg 768w, https:\/\/pastucar.ecofun.ctfc.cat\/wp-content\/uploads\/2020\/09\/DSCF7430-1-1536x1152.jpg 1536w, https:\/\/pastucar.ecofun.ctfc.cat\/wp-content\/uploads\/2020\/09\/DSCF7430-1-2048x1536.jpg 2048w\" sizes=\"auto, (max-width: 1024px) 100vw, 1024px\" \/><figcaption>Pastures permanents del Pla de Busa. Foto per: Jos\u00e9 Manj\u00f3n-Cabeza.<\/figcaption><\/figure>\n","protected":false},"excerpt":{"rendered":"<p>En general, quan hi ha nom\u00e9s pastura directa l\u2019assimilaci\u00f3 de C al s\u00f2l \u00e9s m\u00e9s elevada que als prats de dall, ja que quan es dalla la mat\u00e8ria org\u00e0nica es exportada pr\u00e0cticament en la seva totalitat, mentre que la pastura directa deixa part de la biomassa in-situ, i els excrements tamb\u00e9 s\u00f3n una via de &#8230; <a title=\"Fomentar les pastures permanents vers els prats de dall\" class=\"read-more\" href=\"https:\/\/pastucar.ecofun.ctfc.cat\/index.php\/fomentar-les-pastures-permanents-vers-els-prats-de-dall\/\">Llegiu m\u00e9s <span class=\"screen-reader-text\">Fomentar les pastures permanents vers els prats de dall<\/span><\/a><\/p>\n","protected":false},"author":2,"featured_media":0,"parent":0,"menu_order":0,"comment_status":"closed","ping_status":"closed","template":"","meta":{"footnotes":""},"class_list":["post-189","page","type-page","status-publish"],"_links":{"self":[{"href":"https:\/\/pastucar.ecofun.ctfc.cat\/index.php\/wp-json\/wp\/v2\/pages\/189","targetHints":{"allow":["GET"]}}],"collection":[{"href":"https:\/\/pastucar.ecofun.ctfc.cat\/index.php\/wp-json\/wp\/v2\/pages"}],"about":[{"href":"https:\/\/pastucar.ecofun.ctfc.cat\/index.php\/wp-json\/wp\/v2\/types\/page"}],"author":[{"embeddable":true,"href":"https:\/\/pastucar.ecofun.ctfc.cat\/index.php\/wp-json\/wp\/v2\/users\/2"}],"replies":[{"embeddable":true,"href":"https:\/\/pastucar.ecofun.ctfc.cat\/index.php\/wp-json\/wp\/v2\/comments?post=189"}],"version-history":[{"count":2,"href":"https:\/\/pastucar.ecofun.ctfc.cat\/index.php\/wp-json\/wp\/v2\/pages\/189\/revisions"}],"predecessor-version":[{"id":284,"href":"https:\/\/pastucar.ecofun.ctfc.cat\/index.php\/wp-json\/wp\/v2\/pages\/189\/revisions\/284"}],"wp:attachment":[{"href":"https:\/\/pastucar.ecofun.ctfc.cat\/index.php\/wp-json\/wp\/v2\/media?parent=189"}],"curies":[{"name":"wp","href":"https:\/\/api.w.org\/{rel}","templated":true}]}}