{"id":191,"date":"2020-09-28T14:50:59","date_gmt":"2020-09-28T14:50:59","guid":{"rendered":"https:\/\/site1.ctfc.cat\/?page_id=191"},"modified":"2020-10-01T14:03:54","modified_gmt":"2020-10-01T14:03:54","slug":"fomentar-la-diversitat-farratgera","status":"publish","type":"page","link":"https:\/\/pastucar.ecofun.ctfc.cat\/index.php\/fomentar-la-diversitat-farratgera\/","title":{"rendered":"Fomentar la diversitat farratgera"},"content":{"rendered":"\n<p>Per tal de fomentar el C al s\u00f2l es tracta<strong>&nbsp;d\u2019assolir un equilibri entre la productivitat i la degradabilitat<\/strong>, la qual&nbsp;<strong>estretament vinculada a la qualitat farratgera.<\/strong>&nbsp;Aquesta optimitzaci\u00f3 s\u2019assoleix fomentant la&nbsp;<strong>diversitat<\/strong>&nbsp;del farratge, la qual afavoreix&nbsp;<strong>un \u00fas complementari dels recursos<\/strong>, essent especialment rellevant la pres\u00e8ncia de&nbsp;<strong>lleguminoses<\/strong>&nbsp;a la barreja.<\/p>\n\n\n\n<p>Aix\u00ed doncs, les lleguminoses tenen la capacitat de incrementar la&nbsp;<strong>productivitat<\/strong>&nbsp;gr\u00e0cies a la seva capacitat de fixar nitrogen atmosf\u00e8ric, generant&nbsp;<strong>teixits rics en prote\u00efnes&nbsp;<\/strong>(alt contingut de nitrogen), i alhora poden reportar beneficis en la&nbsp;<strong>fertilitat de tota la comunitat vegetal<\/strong>.<\/p>\n\n\n\n<p>Per exemple, un experiment portat a terme a Castellnou d\u2019Oss\u00f3 (41\u00b0&nbsp;46\u2032&nbsp;N, 1\u00b0 8\u2032 E, 353&nbsp;m&nbsp;s.&nbsp;n.&nbsp;m.), va testar com la barreja de tres esp\u00e8cies t\u00edpicament farratgeres: <em>Festuca&nbsp;arundinacea<\/em>&nbsp;(cereal),&nbsp;<em>Medicago&nbsp;sativa&nbsp;<\/em>(lleguminosa) i&nbsp;<em>Cichoriumintybus&nbsp;<\/em>(forbia), influ\u00efa sobre la productivitat en comparaci\u00f3 amb els respectius monocultius (Ribas et al., 2015). Els resultats van demostrar que la m\u00e0xima productivitat es va assolir combinant les tres esp\u00e8cies, amb un contingut m\u00e0xim de lleguminoses entorn al 50% de la barreja (Ribas et al., 2015).<\/p>\n\n\n\n<div class=\"wp-block-image\"><figure class=\"aligncenter size-large is-resized\"><img loading=\"lazy\" decoding=\"async\" src=\"https:\/\/pastucar.ecofun.ctfc.cat\/wp-content\/uploads\/2020\/09\/image-3.png\" alt=\"\" class=\"wp-image-192\" width=\"575\" height=\"619\" srcset=\"https:\/\/pastucar.ecofun.ctfc.cat\/wp-content\/uploads\/2020\/09\/image-3.png 575w, https:\/\/pastucar.ecofun.ctfc.cat\/wp-content\/uploads\/2020\/09\/image-3-279x300.png 279w\" sizes=\"auto, (max-width: 575px) 100vw, 575px\" \/><figcaption>Productivitat en funci\u00f3 de la proporci\u00f3 de lleguminoses, forbies i cereals, camp experimental Castellnou d\u2019Oss\u00f3. Adaptat de Ribas et al 2015.<\/figcaption><\/figure><\/div>\n\n\n\n<p>D\u2019altra banda, les barreges tamb\u00e9 han demostrat ser clarament m\u00e9s favorables que els monocultius en termes de&nbsp;<strong>qualitat farratgera<\/strong>, i en especial quan hi ha lleguminoses a la barreja, ja que aquestes incrementen el contingut de nitrogen a totes esp\u00e8cies presents. La qualitat farratgera \u00f2ptima s\u2019assoleix tamb\u00e9 entorn al 50% de lleguminoses, a partir del qual el contingut de N s\u2019estabilitz\u00e0 (Kirwan et al., 2016).<\/p>\n\n\n\n<div class=\"wp-block-image\"><figure class=\"aligncenter size-large\"><img loading=\"lazy\" decoding=\"async\" width=\"329\" height=\"329\" src=\"https:\/\/pastucar.ecofun.ctfc.cat\/wp-content\/uploads\/2020\/08\/imatge-8.png\" alt=\"\" class=\"wp-image-97\" srcset=\"https:\/\/pastucar.ecofun.ctfc.cat\/wp-content\/uploads\/2020\/08\/imatge-8.png 329w, https:\/\/pastucar.ecofun.ctfc.cat\/wp-content\/uploads\/2020\/08\/imatge-8-300x300.png 300w, https:\/\/pastucar.ecofun.ctfc.cat\/wp-content\/uploads\/2020\/08\/imatge-8-150x150.png 150w\" sizes=\"auto, (max-width: 329px) 100vw, 329px\" \/><figcaption>Contingut de nitrogen (N) en cereal en funci\u00f3 de la proporci\u00f3 de lleguminoses a la barreja, camp experimental G\u00f3sol. Adaptat de (Kirwan et al., 2016).<\/figcaption><\/figure><\/div>\n\n\n\n<p><strong>Per m\u00e9s saber m\u00e9s sobre els beneficis de les barreges farratgeres en la prestaci\u00f3 de serveis ecosist\u00e8mics veure el projecte&nbsp;<a href=\"https:\/\/farratgem.ecofun.ctfc.cat\/\">FARRATGEM: Les barreges farratgeres augmenten la productivitat i milloren el medi ambient<\/a>.<\/strong><\/p>\n","protected":false},"excerpt":{"rendered":"<p>Per tal de fomentar el C al s\u00f2l es tracta&nbsp;d\u2019assolir un equilibri entre la productivitat i la degradabilitat, la qual&nbsp;estretament vinculada a la qualitat farratgera.&nbsp;Aquesta optimitzaci\u00f3 s\u2019assoleix fomentant la&nbsp;diversitat&nbsp;del farratge, la qual afavoreix&nbsp;un \u00fas complementari dels recursos, essent especialment rellevant la pres\u00e8ncia de&nbsp;lleguminoses&nbsp;a la barreja. Aix\u00ed doncs, les lleguminoses tenen la capacitat de incrementar la&nbsp;productivitat&nbsp;gr\u00e0cies &#8230; <a title=\"Fomentar la diversitat farratgera\" class=\"read-more\" href=\"https:\/\/pastucar.ecofun.ctfc.cat\/index.php\/fomentar-la-diversitat-farratgera\/\">Llegiu m\u00e9s <span class=\"screen-reader-text\">Fomentar la diversitat farratgera<\/span><\/a><\/p>\n","protected":false},"author":2,"featured_media":0,"parent":0,"menu_order":0,"comment_status":"closed","ping_status":"closed","template":"","meta":{"footnotes":""},"class_list":["post-191","page","type-page","status-publish"],"_links":{"self":[{"href":"https:\/\/pastucar.ecofun.ctfc.cat\/index.php\/wp-json\/wp\/v2\/pages\/191","targetHints":{"allow":["GET"]}}],"collection":[{"href":"https:\/\/pastucar.ecofun.ctfc.cat\/index.php\/wp-json\/wp\/v2\/pages"}],"about":[{"href":"https:\/\/pastucar.ecofun.ctfc.cat\/index.php\/wp-json\/wp\/v2\/types\/page"}],"author":[{"embeddable":true,"href":"https:\/\/pastucar.ecofun.ctfc.cat\/index.php\/wp-json\/wp\/v2\/users\/2"}],"replies":[{"embeddable":true,"href":"https:\/\/pastucar.ecofun.ctfc.cat\/index.php\/wp-json\/wp\/v2\/comments?post=191"}],"version-history":[{"count":2,"href":"https:\/\/pastucar.ecofun.ctfc.cat\/index.php\/wp-json\/wp\/v2\/pages\/191\/revisions"}],"predecessor-version":[{"id":302,"href":"https:\/\/pastucar.ecofun.ctfc.cat\/index.php\/wp-json\/wp\/v2\/pages\/191\/revisions\/302"}],"wp:attachment":[{"href":"https:\/\/pastucar.ecofun.ctfc.cat\/index.php\/wp-json\/wp\/v2\/media?parent=191"}],"curies":[{"name":"wp","href":"https:\/\/api.w.org\/{rel}","templated":true}]}}