{"id":194,"date":"2020-09-28T14:52:00","date_gmt":"2020-09-28T14:52:00","guid":{"rendered":"https:\/\/site1.ctfc.cat\/?page_id=194"},"modified":"2020-10-01T14:04:49","modified_gmt":"2020-10-01T14:04:49","slug":"potenciar-la-fertilitat-dels-sols","status":"publish","type":"page","link":"https:\/\/pastucar.ecofun.ctfc.cat\/index.php\/potenciar-la-fertilitat-dels-sols\/","title":{"rendered":"Potenciar la fertilitat dels s\u00f2ls"},"content":{"rendered":"\n<p>Potenciar la fertilitat del s\u00f2l incrementa la productivitat, per\u00f2 per fomentar l\u2019acumulaci\u00f3 de C org\u00e0nic al s\u00f2l cal un balan\u00e7 entre productivitat (entrada) i degradabilitat (sortida) de la mat\u00e8ria org\u00e0nica, essent important el&nbsp;<strong>COM es fomenta aquesta fertilitat del s\u00f2l.<\/strong><\/p>\n\n\n\n<h3 class=\"wp-block-heading\">Cobertes vegetals<\/h3>\n\n\n\n<p>El foment dels cultius de coberta ha demostrat ser favorable per l\u2019acumulaci\u00f3 de C org\u00e0nic al s\u00f2l (Mazzoncini et al., 2011). Aquests cultius de coberta es combinen t\u00edpicament amb cultius arboris, i poden generar un recurs farratger que pot esser pasturat, fomentant la fertilitat del s\u00f2l i la multifuncionalitat pastura-conreu.<\/p>\n\n\n\n<h3 class=\"wp-block-heading\">Adobs org\u00e0nics<\/h3>\n\n\n\n<p>Hi han estudis que demostren com l\u2019aplicaci\u00f3 d\u2019adobs org\u00e0nics afavoreix tant l\u2019acumulaci\u00f3 de C com de nitrogen al s\u00f2l en comparaci\u00f3 amb els adobs nitrogenats (Garcia-Pausas et al., 2017). En primer lloc, els adobs org\u00e0nics s\u00f3n una font directa de C al s\u00f2l i milloren l\u2019estructura del s\u00f2l, millorant la fertilitat, i al incrementar-se la fertilitat tamb\u00e9 s\u2019incrementa la productivitat, incrementant-se l\u2019entrada de mat\u00e8ria org\u00e0nica i per tant de C al s\u00f2l. Alhora, tamb\u00e9, s\u2019ha demostrat que els adobs org\u00e0nics afavoreixen la preservaci\u00f3 de les formes m\u00e9s recalcitrants de C al s\u00f2l (Guo et al., 2019), incrementant el temps de resid\u00e8ncia del C el s\u00f2l i per tant alentint les sortides C del s\u00f2l.<\/p>\n","protected":false},"excerpt":{"rendered":"<p>Potenciar la fertilitat del s\u00f2l incrementa la productivitat, per\u00f2 per fomentar l\u2019acumulaci\u00f3 de C org\u00e0nic al s\u00f2l cal un balan\u00e7 entre productivitat (entrada) i degradabilitat (sortida) de la mat\u00e8ria org\u00e0nica, essent important el&nbsp;COM es fomenta aquesta fertilitat del s\u00f2l. Cobertes vegetals El foment dels cultius de coberta ha demostrat ser favorable per l\u2019acumulaci\u00f3 de C &#8230; <a title=\"Potenciar la fertilitat dels s\u00f2ls\" class=\"read-more\" href=\"https:\/\/pastucar.ecofun.ctfc.cat\/index.php\/potenciar-la-fertilitat-dels-sols\/\">Llegiu m\u00e9s <span class=\"screen-reader-text\">Potenciar la fertilitat dels s\u00f2ls<\/span><\/a><\/p>\n","protected":false},"author":2,"featured_media":0,"parent":0,"menu_order":0,"comment_status":"closed","ping_status":"closed","template":"","meta":{"footnotes":""},"class_list":["post-194","page","type-page","status-publish"],"_links":{"self":[{"href":"https:\/\/pastucar.ecofun.ctfc.cat\/index.php\/wp-json\/wp\/v2\/pages\/194","targetHints":{"allow":["GET"]}}],"collection":[{"href":"https:\/\/pastucar.ecofun.ctfc.cat\/index.php\/wp-json\/wp\/v2\/pages"}],"about":[{"href":"https:\/\/pastucar.ecofun.ctfc.cat\/index.php\/wp-json\/wp\/v2\/types\/page"}],"author":[{"embeddable":true,"href":"https:\/\/pastucar.ecofun.ctfc.cat\/index.php\/wp-json\/wp\/v2\/users\/2"}],"replies":[{"embeddable":true,"href":"https:\/\/pastucar.ecofun.ctfc.cat\/index.php\/wp-json\/wp\/v2\/comments?post=194"}],"version-history":[{"count":1,"href":"https:\/\/pastucar.ecofun.ctfc.cat\/index.php\/wp-json\/wp\/v2\/pages\/194\/revisions"}],"predecessor-version":[{"id":195,"href":"https:\/\/pastucar.ecofun.ctfc.cat\/index.php\/wp-json\/wp\/v2\/pages\/194\/revisions\/195"}],"wp:attachment":[{"href":"https:\/\/pastucar.ecofun.ctfc.cat\/index.php\/wp-json\/wp\/v2\/media?parent=194"}],"curies":[{"name":"wp","href":"https:\/\/api.w.org\/{rel}","templated":true}]}}