{"id":196,"date":"2020-09-28T14:53:08","date_gmt":"2020-09-28T14:53:08","guid":{"rendered":"https:\/\/site1.ctfc.cat\/?page_id=196"},"modified":"2020-10-01T14:05:15","modified_gmt":"2020-10-01T14:05:15","slug":"reduir-al-minim-el-llaurat-del-sol","status":"publish","type":"page","link":"https:\/\/pastucar.ecofun.ctfc.cat\/index.php\/reduir-al-minim-el-llaurat-del-sol\/","title":{"rendered":"Reduir al m\u00ednim el llaurat del s\u00f2l"},"content":{"rendered":"\n<p>Reduir el llaurat incrementa l\u2019acumulaci\u00f3 de mat\u00e8ria org\u00e0nica i de C org\u00e0nic del s\u00f2l (Lal, 2004; West &amp; Post, 2002). Al&nbsp;<strong>llaurar es redueix l\u2019entrada de mat\u00e8ria org\u00e0nica al s\u00f2l i s\u2019exposa la mat\u00e8ria ja present<\/strong>, essent aquesta descomposta m\u00e9s r\u00e0pidament. Llaurar incrementen les&nbsp;<strong>emissions de CO<sub>2<\/sub><\/strong>&nbsp;i el s\u00f2l queda m\u00e9s&nbsp;<strong>susceptible de patir erosi\u00f3<\/strong>&nbsp;o&nbsp;<strong>compactaci\u00f3<\/strong>. \u00c9s per aix\u00f2 altament recomanable reduir el llaurat al m\u00ednim possible i fomentar els cultius de coberta en aquells sistemes farratgers de gesti\u00f3 intensiva per tal de reduir al m\u00ednim el temps en el que el s\u00f2l queda nu.<\/p>\n\n\n\n<div class=\"wp-block-image\"><figure class=\"aligncenter size-large\"><img loading=\"lazy\" decoding=\"async\" width=\"567\" height=\"425\" src=\"https:\/\/pastucar.ecofun.ctfc.cat\/wp-content\/uploads\/2020\/08\/imatge-10.png\" alt=\"\" class=\"wp-image-99\" srcset=\"https:\/\/pastucar.ecofun.ctfc.cat\/wp-content\/uploads\/2020\/08\/imatge-10.png 567w, https:\/\/pastucar.ecofun.ctfc.cat\/wp-content\/uploads\/2020\/08\/imatge-10-300x225.png 300w\" sizes=\"auto, (max-width: 567px) 100vw, 567px\" \/><figcaption>Prat de dall del Pla de Riart. El llaurat amb volteig aqu\u00ed fet ha exposat la mat\u00e8ria org\u00e0nica a l\u2019aire, incrementant el risc d\u2019erosi\u00f3 i compactaci\u00f3. Foto per: Jos\u00e9 Manj\u00f3n-Cabeza.<\/figcaption><\/figure><\/div>\n","protected":false},"excerpt":{"rendered":"<p>Reduir el llaurat incrementa l\u2019acumulaci\u00f3 de mat\u00e8ria org\u00e0nica i de C org\u00e0nic del s\u00f2l (Lal, 2004; West &amp; Post, 2002). Al&nbsp;llaurar es redueix l\u2019entrada de mat\u00e8ria org\u00e0nica al s\u00f2l i s\u2019exposa la mat\u00e8ria ja present, essent aquesta descomposta m\u00e9s r\u00e0pidament. Llaurar incrementen les&nbsp;emissions de CO2&nbsp;i el s\u00f2l queda m\u00e9s&nbsp;susceptible de patir erosi\u00f3&nbsp;o&nbsp;compactaci\u00f3. \u00c9s per aix\u00f2 &#8230; <a title=\"Reduir al m\u00ednim el llaurat del s\u00f2l\" class=\"read-more\" href=\"https:\/\/pastucar.ecofun.ctfc.cat\/index.php\/reduir-al-minim-el-llaurat-del-sol\/\">Llegiu m\u00e9s <span class=\"screen-reader-text\">Reduir al m\u00ednim el llaurat del s\u00f2l<\/span><\/a><\/p>\n","protected":false},"author":2,"featured_media":0,"parent":0,"menu_order":0,"comment_status":"closed","ping_status":"closed","template":"","meta":{"footnotes":""},"class_list":["post-196","page","type-page","status-publish"],"_links":{"self":[{"href":"https:\/\/pastucar.ecofun.ctfc.cat\/index.php\/wp-json\/wp\/v2\/pages\/196","targetHints":{"allow":["GET"]}}],"collection":[{"href":"https:\/\/pastucar.ecofun.ctfc.cat\/index.php\/wp-json\/wp\/v2\/pages"}],"about":[{"href":"https:\/\/pastucar.ecofun.ctfc.cat\/index.php\/wp-json\/wp\/v2\/types\/page"}],"author":[{"embeddable":true,"href":"https:\/\/pastucar.ecofun.ctfc.cat\/index.php\/wp-json\/wp\/v2\/users\/2"}],"replies":[{"embeddable":true,"href":"https:\/\/pastucar.ecofun.ctfc.cat\/index.php\/wp-json\/wp\/v2\/comments?post=196"}],"version-history":[{"count":2,"href":"https:\/\/pastucar.ecofun.ctfc.cat\/index.php\/wp-json\/wp\/v2\/pages\/196\/revisions"}],"predecessor-version":[{"id":303,"href":"https:\/\/pastucar.ecofun.ctfc.cat\/index.php\/wp-json\/wp\/v2\/pages\/196\/revisions\/303"}],"wp:attachment":[{"href":"https:\/\/pastucar.ecofun.ctfc.cat\/index.php\/wp-json\/wp\/v2\/media?parent=196"}],"curies":[{"name":"wp","href":"https:\/\/api.w.org\/{rel}","templated":true}]}}