{"id":198,"date":"2020-09-28T14:54:12","date_gmt":"2020-09-28T14:54:12","guid":{"rendered":"https:\/\/site1.ctfc.cat\/?page_id=198"},"modified":"2020-10-01T14:05:42","modified_gmt":"2020-10-01T14:05:42","slug":"reduir-les-emissions-de-gasos-defecte-hivernacle","status":"publish","type":"page","link":"https:\/\/pastucar.ecofun.ctfc.cat\/index.php\/reduir-les-emissions-de-gasos-defecte-hivernacle\/","title":{"rendered":"Redu\u00efr les emissions de gasos d\u2019efecte hivernacle"},"content":{"rendered":"\n<p>Per tal de fomentar la m\u00e0xima acumulaci\u00f3 de C org\u00e0nic al s\u00f2l es vital minimitzar les perdudes per emissions en forma de gasos d\u2019efecte hivernacle, incloent principalment aquells gasos que contenen C a la seva mol\u00e8cula: di\u00f2xid de carboni (CO<sub>2<\/sub>) i met\u00e0 (CH<sub>4<\/sub>). Majorment les emissions de CO<sub>2<\/sub>&nbsp;es donen en el proc\u00e9s d\u2019oxidaci\u00f3 de la mat\u00e8ria org\u00e0nica (respiraci\u00f3), mentre que el CH<sub>4<\/sub>&nbsp;es produeix en un proc\u00e9s de descomposici\u00f3 de la mat\u00e8ria org\u00e0nica en condicions de manca d\u2019oxigen. Tamb\u00e9 mereix menci\u00f3 per\u00f2 l\u2019\u00f2xid de nitrogen (N<sub>2<\/sub>O), ja que tot i que no cont\u00e9 C, les emissions de N<sub>2<\/sub>O provenen principalment de l\u2019aplicaci\u00f3 de fertilitzants nitrogenats, i aquests s\u00ed tenen una influencia considerable sobre el C de s\u00f2l.<\/p>\n\n\n\n<p>Per tal de minimitzar les emissions de gasos d\u2019efecte hivernacle es poden promoure tant mesures per&nbsp;<strong>(a) incrementar la captaci\u00f3<\/strong>, com&nbsp;<strong>(b) per reduir les emissions<\/strong>. Aix\u00ed, s\u00f3n diverses les accions que es poden dur a terme, per\u00f2 volem destacar el paper de la&nbsp;<strong>diversitat farratgera&nbsp;<\/strong>com a element clau per<a href=\"https:\/\/farratgem.ecofun.ctfc.cat\/index.php\/regulacio-del-intercanvi-de-gasos-de-efecte-hivernacle\/\">&nbsp;<strong>incrementar la captaci\u00f3 de CO<sub>2<\/sub>&nbsp;i reduir les emissions de CH<sub>4<\/sub>&nbsp;i N<sub>2<\/sub>O<\/strong><\/a>.<\/p>\n","protected":false},"excerpt":{"rendered":"<p>Per tal de fomentar la m\u00e0xima acumulaci\u00f3 de C org\u00e0nic al s\u00f2l es vital minimitzar les perdudes per emissions en forma de gasos d\u2019efecte hivernacle, incloent principalment aquells gasos que contenen C a la seva mol\u00e8cula: di\u00f2xid de carboni (CO2) i met\u00e0 (CH4). Majorment les emissions de CO2&nbsp;es donen en el proc\u00e9s d\u2019oxidaci\u00f3 de la &#8230; <a title=\"Redu\u00efr les emissions de gasos d\u2019efecte hivernacle\" class=\"read-more\" href=\"https:\/\/pastucar.ecofun.ctfc.cat\/index.php\/reduir-les-emissions-de-gasos-defecte-hivernacle\/\">Llegiu m\u00e9s <span class=\"screen-reader-text\">Redu\u00efr les emissions de gasos d\u2019efecte hivernacle<\/span><\/a><\/p>\n","protected":false},"author":2,"featured_media":0,"parent":0,"menu_order":0,"comment_status":"closed","ping_status":"closed","template":"","meta":{"footnotes":""},"class_list":["post-198","page","type-page","status-publish"],"_links":{"self":[{"href":"https:\/\/pastucar.ecofun.ctfc.cat\/index.php\/wp-json\/wp\/v2\/pages\/198","targetHints":{"allow":["GET"]}}],"collection":[{"href":"https:\/\/pastucar.ecofun.ctfc.cat\/index.php\/wp-json\/wp\/v2\/pages"}],"about":[{"href":"https:\/\/pastucar.ecofun.ctfc.cat\/index.php\/wp-json\/wp\/v2\/types\/page"}],"author":[{"embeddable":true,"href":"https:\/\/pastucar.ecofun.ctfc.cat\/index.php\/wp-json\/wp\/v2\/users\/2"}],"replies":[{"embeddable":true,"href":"https:\/\/pastucar.ecofun.ctfc.cat\/index.php\/wp-json\/wp\/v2\/comments?post=198"}],"version-history":[{"count":1,"href":"https:\/\/pastucar.ecofun.ctfc.cat\/index.php\/wp-json\/wp\/v2\/pages\/198\/revisions"}],"predecessor-version":[{"id":199,"href":"https:\/\/pastucar.ecofun.ctfc.cat\/index.php\/wp-json\/wp\/v2\/pages\/198\/revisions\/199"}],"wp:attachment":[{"href":"https:\/\/pastucar.ecofun.ctfc.cat\/index.php\/wp-json\/wp\/v2\/media?parent=198"}],"curies":[{"name":"wp","href":"https:\/\/api.w.org\/{rel}","templated":true}]}}