{"id":222,"date":"2020-09-28T15:56:05","date_gmt":"2020-09-28T15:56:05","guid":{"rendered":"https:\/\/site1.ctfc.cat\/?page_id=222"},"modified":"2020-10-01T13:37:28","modified_gmt":"2020-10-01T13:37:28","slug":"iniciatives-europees","status":"publish","type":"page","link":"https:\/\/pastucar.ecofun.ctfc.cat\/index.php\/iniciatives-europees\/","title":{"rendered":"Grazing for Carbon"},"content":{"rendered":"\n<p>Amb l\u2019objectiu d\u2019aprofundir en les pr\u00e0ctiques de gesti\u00f3 que fomenten l\u2019acumulaci\u00f3 i preservaci\u00f3 de C org\u00e0nic al s\u00f2l sota condicions de pasturatge, la Comissi\u00f3\u00a0 Europea va organitzar un grup d\u2019experts, entorn al projecte EPI-AGRI el qual pret\u00e9n fomentar la recerca aplicada entorn a l\u2019agricultura i la ramaderia sostenible. Aquest grup d\u2019experts es va anomenar\u00a0<a href=\"https:\/\/ec.europa.eu\/eip\/agriculture\/en\/grazing-carbon\"><em><strong>Grazing for Carbon<\/strong><\/em><\/a>, va aglutinar experts de diverses \u00e0rees de coneixement per treballar en la relaci\u00f3 entre pasturatge i C org\u00e0nic al s\u00f2l.<\/p>\n\n\n\n<p>El treball del grup<strong>&nbsp;<a href=\"https:\/\/ec.europa.eu\/eip\/agriculture\/en\/grazing-carbon\"><em>Grazing for Carbon<\/em><\/a><\/strong>&nbsp;va posar de manifest com en general les directrius i pol\u00edtiques p\u00fabliques actuals sobre gesti\u00f3 ramadera no consideren els efectes d\u2019aquesta sobre el segrest de C al s\u00f2l. Tot i aix\u00ed, la ramaderia a Europa \u00e9s un element clau dels sistemes productius, oferint multitud de servies ecosist\u00e8mics, i seguir\u00e0 sent aix\u00ed en el futur. Per tant, cal crear directrius espec\u00edfiques per a la gesti\u00f3 de la ramaderia que optimitzin la producci\u00f3 animal, alhora que el segrest de C, vital per promoure un desenvolupament sostenible del sector ramader. En aquesta l\u00ednia, fer una tasca de divulgaci\u00f3 enfocada als ramaders, gestors i la ind\u00fastria entorn a bones pr\u00e0ctiques ramaderes; i alhora, desenvolupar indicadors de la captaci\u00f3 de C s\u00f3n eixos clau per comprendre i mesurar el segrest de C, i permetr\u00e0 fomentar un sistemes ramaders m\u00e9s sostenibles (Hennessy et al., 2017).<\/p>\n","protected":false},"excerpt":{"rendered":"<p>Amb l\u2019objectiu d\u2019aprofundir en les pr\u00e0ctiques de gesti\u00f3 que fomenten l\u2019acumulaci\u00f3 i preservaci\u00f3 de C org\u00e0nic al s\u00f2l sota condicions de pasturatge, la Comissi\u00f3\u00a0 Europea va organitzar un grup d\u2019experts, entorn al projecte EPI-AGRI el qual pret\u00e9n fomentar la recerca aplicada entorn a l\u2019agricultura i la ramaderia sostenible. Aquest grup d\u2019experts es va anomenar\u00a0Grazing for &#8230; <a title=\"Grazing for Carbon\" class=\"read-more\" href=\"https:\/\/pastucar.ecofun.ctfc.cat\/index.php\/iniciatives-europees\/\">Llegiu m\u00e9s <span class=\"screen-reader-text\">Grazing for Carbon<\/span><\/a><\/p>\n","protected":false},"author":2,"featured_media":0,"parent":0,"menu_order":0,"comment_status":"closed","ping_status":"closed","template":"","meta":{"footnotes":""},"class_list":["post-222","page","type-page","status-publish"],"_links":{"self":[{"href":"https:\/\/pastucar.ecofun.ctfc.cat\/index.php\/wp-json\/wp\/v2\/pages\/222","targetHints":{"allow":["GET"]}}],"collection":[{"href":"https:\/\/pastucar.ecofun.ctfc.cat\/index.php\/wp-json\/wp\/v2\/pages"}],"about":[{"href":"https:\/\/pastucar.ecofun.ctfc.cat\/index.php\/wp-json\/wp\/v2\/types\/page"}],"author":[{"embeddable":true,"href":"https:\/\/pastucar.ecofun.ctfc.cat\/index.php\/wp-json\/wp\/v2\/users\/2"}],"replies":[{"embeddable":true,"href":"https:\/\/pastucar.ecofun.ctfc.cat\/index.php\/wp-json\/wp\/v2\/comments?post=222"}],"version-history":[{"count":3,"href":"https:\/\/pastucar.ecofun.ctfc.cat\/index.php\/wp-json\/wp\/v2\/pages\/222\/revisions"}],"predecessor-version":[{"id":300,"href":"https:\/\/pastucar.ecofun.ctfc.cat\/index.php\/wp-json\/wp\/v2\/pages\/222\/revisions\/300"}],"wp:attachment":[{"href":"https:\/\/pastucar.ecofun.ctfc.cat\/index.php\/wp-json\/wp\/v2\/media?parent=222"}],"curies":[{"name":"wp","href":"https:\/\/api.w.org\/{rel}","templated":true}]}}