{"id":88,"date":"2020-08-13T10:45:14","date_gmt":"2020-08-13T10:45:14","guid":{"rendered":"https:\/\/site1.ctfc.cat\/?page_id=88"},"modified":"2020-11-27T10:21:50","modified_gmt":"2020-11-27T10:21:50","slug":"les-pastures-a-catalunya","status":"publish","type":"page","link":"https:\/\/pastucar.ecofun.ctfc.cat\/index.php\/les-pastures-a-catalunya\/","title":{"rendered":"Les pastures a Catalunya"},"content":{"rendered":"\n<p>Tot i l\u2019alt valor dels serveis ecosist\u00e8mics que presten les pastures, <strong>les pastures a Catalunya s\u00f3n altament vulnerables. <\/strong>Catalunya \u00e9s especialment vulnerable al <strong>canvi clim\u00e0tic<\/strong> per la seva situaci\u00f3 geogr\u00e0fica dins la conca Mediterr\u00e0nia i \u00e9s susceptible de patir un increment important en les temperatures i sequeres cada vegada m\u00e9s freq\u00fcents (veure: <a href=\"http:\/\/cads.gencat.cat\/ca\/detalls\/detallarticle\/Tercer-informe-sobre-el-canvi-climatic-a-Catalunya-00003\">Tercer Informe Sobre Canvi Clim\u00e0tic de Catalunya<\/a>), fets que poden amena\u00e7ar la distribuci\u00f3 caracter\u00edstiques de les pastures. <\/p>\n\n\n\n<p>En segon lloc, les pastures a Catalunya estan patint <strong>transformacions considerables de caire socio-econ\u00f2mic <\/strong>en els darrers anys. L\u2019<strong>aband\u00f3 de les pastures <\/strong>\u00e9s un fet, especialment agreujat a les zones de muntanya, degut a una despoblaci\u00f3 progressiva del medi rural. Com a conseq\u00fc\u00e8ncia, l\u2019ecosistema es transforma, passant d&#8217;una coberta herb\u00e0cia a una coberta m\u00e9s arbustiva i finalment boscosa. <\/p>\n\n\n\n<div class=\"wp-block-group\"><div class=\"wp-block-group__inner-container is-layout-flow wp-block-group-is-layout-flow\">\n<div class=\"wp-block-image\"><figure class=\"aligncenter size-large is-resized\"><img loading=\"lazy\" decoding=\"async\" src=\"https:\/\/pastucar.ecofun.ctfc.cat\/wp-content\/uploads\/2020\/09\/IMG-20200924-WA0003-1-1024x576.jpg\" alt=\"\" class=\"wp-image-177\" width=\"782\" height=\"440\" srcset=\"https:\/\/pastucar.ecofun.ctfc.cat\/wp-content\/uploads\/2020\/09\/IMG-20200924-WA0003-1-1024x576.jpg 1024w, https:\/\/pastucar.ecofun.ctfc.cat\/wp-content\/uploads\/2020\/09\/IMG-20200924-WA0003-1-300x169.jpg 300w, https:\/\/pastucar.ecofun.ctfc.cat\/wp-content\/uploads\/2020\/09\/IMG-20200924-WA0003-1-768x432.jpg 768w, https:\/\/pastucar.ecofun.ctfc.cat\/wp-content\/uploads\/2020\/09\/IMG-20200924-WA0003-1.jpg 1280w\" sizes=\"auto, (max-width: 782px) 100vw, 782px\" \/><figcaption>Causes probables d&#8217;aband\u00f3 de les pastures als Pirineus. Figura per: Pere Gelabert.<br><\/figcaption><\/figure><\/div>\n<\/div><\/div>\n\n\n\n<figure><iframe loading=\"lazy\" src=\"https:\/\/www.ccma.cat\/video\/embed\/5996674\/\" allowfullscreen=\"\" width=\"1000px\" height=\"562px\"><\/iframe><\/figure>\n\n\n\n<p>D\u2019altra banda, la ramaderia ha a patit un clar proc\u00e9s d\u2019<strong>intensificaci\u00f3<\/strong>, incrementant-se el n\u00famero de caps de bestiar, per\u00f2 reduint-se el numero d\u2019explotacions. En aquest proc\u00e9s els animals passen a ser alimentats en granges, perdent-se la ramaderia extensiva tradicional i reduint\u2011se la superf\u00edcie de pastures permanents.<\/p>\n","protected":false},"excerpt":{"rendered":"<p>Tot i l\u2019alt valor dels serveis ecosist\u00e8mics que presten les pastures, les pastures a Catalunya s\u00f3n altament vulnerables. Catalunya \u00e9s especialment vulnerable al canvi clim\u00e0tic per la seva situaci\u00f3 geogr\u00e0fica dins la conca Mediterr\u00e0nia i \u00e9s susceptible de patir un increment important en les temperatures i sequeres cada vegada m\u00e9s freq\u00fcents (veure: Tercer Informe Sobre &#8230; <a title=\"Les pastures a Catalunya\" class=\"read-more\" href=\"https:\/\/pastucar.ecofun.ctfc.cat\/index.php\/les-pastures-a-catalunya\/\">Llegiu m\u00e9s <span class=\"screen-reader-text\">Les pastures a Catalunya<\/span><\/a><\/p>\n","protected":false},"author":1,"featured_media":0,"parent":0,"menu_order":0,"comment_status":"closed","ping_status":"closed","template":"","meta":{"footnotes":""},"class_list":["post-88","page","type-page","status-publish"],"_links":{"self":[{"href":"https:\/\/pastucar.ecofun.ctfc.cat\/index.php\/wp-json\/wp\/v2\/pages\/88","targetHints":{"allow":["GET"]}}],"collection":[{"href":"https:\/\/pastucar.ecofun.ctfc.cat\/index.php\/wp-json\/wp\/v2\/pages"}],"about":[{"href":"https:\/\/pastucar.ecofun.ctfc.cat\/index.php\/wp-json\/wp\/v2\/types\/page"}],"author":[{"embeddable":true,"href":"https:\/\/pastucar.ecofun.ctfc.cat\/index.php\/wp-json\/wp\/v2\/users\/1"}],"replies":[{"embeddable":true,"href":"https:\/\/pastucar.ecofun.ctfc.cat\/index.php\/wp-json\/wp\/v2\/comments?post=88"}],"version-history":[{"count":14,"href":"https:\/\/pastucar.ecofun.ctfc.cat\/index.php\/wp-json\/wp\/v2\/pages\/88\/revisions"}],"predecessor-version":[{"id":350,"href":"https:\/\/pastucar.ecofun.ctfc.cat\/index.php\/wp-json\/wp\/v2\/pages\/88\/revisions\/350"}],"wp:attachment":[{"href":"https:\/\/pastucar.ecofun.ctfc.cat\/index.php\/wp-json\/wp\/v2\/media?parent=88"}],"curies":[{"name":"wp","href":"https:\/\/api.w.org\/{rel}","templated":true}]}}