{"id":92,"date":"2020-08-13T10:52:25","date_gmt":"2020-08-13T10:52:25","guid":{"rendered":"https:\/\/site1.ctfc.cat\/?page_id=92"},"modified":"2020-09-29T15:37:11","modified_gmt":"2020-09-29T15:37:11","slug":"bones-practiques-de-gestio-per-potenciar-el-segrest-de-carboni-al-sol","status":"publish","type":"page","link":"https:\/\/pastucar.ecofun.ctfc.cat\/index.php\/bones-practiques-de-gestio-per-potenciar-el-segrest-de-carboni-al-sol\/","title":{"rendered":""},"content":{"rendered":"\n<div class=\"wp-block-cover has-background-dim-10 has-background-dim\" style=\"background-image:url(https:\/\/pastucar.ecofun.ctfc.cat\/wp-content\/uploads\/2020\/09\/IMG_5388-1-1024x768.jpg)\"><div class=\"wp-block-cover__inner-container is-layout-flow wp-block-cover-is-layout-flow\">\n<p class=\"has-text-align-center has-large-font-size\">Bones pr\u00e0ctiques de gesti\u00f3 per potenciar el segrest de carboni al s\u00f2l<\/p>\n<\/div><\/div>\n\n\n\n<div class=\"wp-block-image\"><figure class=\"aligncenter\"><img decoding=\"async\" src=\"blob:https:\/\/pastucar.ecofun.ctfc.cat\/1826545e-b65f-447d-ae82-d39df41aeb2a\" alt=\"\"\/><\/figure><\/div>\n","protected":false},"excerpt":{"rendered":"","protected":false},"author":1,"featured_media":0,"parent":0,"menu_order":0,"comment_status":"closed","ping_status":"closed","template":"","meta":{"footnotes":""},"class_list":["post-92","page","type-page","status-publish"],"_links":{"self":[{"href":"https:\/\/pastucar.ecofun.ctfc.cat\/index.php\/wp-json\/wp\/v2\/pages\/92","targetHints":{"allow":["GET"]}}],"collection":[{"href":"https:\/\/pastucar.ecofun.ctfc.cat\/index.php\/wp-json\/wp\/v2\/pages"}],"about":[{"href":"https:\/\/pastucar.ecofun.ctfc.cat\/index.php\/wp-json\/wp\/v2\/types\/page"}],"author":[{"embeddable":true,"href":"https:\/\/pastucar.ecofun.ctfc.cat\/index.php\/wp-json\/wp\/v2\/users\/1"}],"replies":[{"embeddable":true,"href":"https:\/\/pastucar.ecofun.ctfc.cat\/index.php\/wp-json\/wp\/v2\/comments?post=92"}],"version-history":[{"count":15,"href":"https:\/\/pastucar.ecofun.ctfc.cat\/index.php\/wp-json\/wp\/v2\/pages\/92\/revisions"}],"predecessor-version":[{"id":257,"href":"https:\/\/pastucar.ecofun.ctfc.cat\/index.php\/wp-json\/wp\/v2\/pages\/92\/revisions\/257"}],"wp:attachment":[{"href":"https:\/\/pastucar.ecofun.ctfc.cat\/index.php\/wp-json\/wp\/v2\/media?parent=92"}],"curies":[{"name":"wp","href":"https:\/\/api.w.org\/{rel}","templated":true}]}}